{"id":18554,"date":"2024-10-16T17:57:58","date_gmt":"2024-10-16T20:57:58","guid":{"rendered":"https:\/\/monicaandradeimoveis.com.br\/site\/?page_id=18554"},"modified":"2024-10-17T13:40:36","modified_gmt":"2024-10-17T16:40:36","slug":"politica-de-privacidade","status":"publish","type":"page","link":"https:\/\/monicaandradeimoveis.com.br\/site\/politica-de-privacidade\/","title":{"rendered":"Pol\u00edtica de Privacidade"},"content":{"rendered":"\t\t<div data-elementor-type=\"wp-page\" data-elementor-id=\"18554\" class=\"elementor elementor-18554\">\n\t\t\t\t\t\t\t\t\t<section class=\"elementor-section elementor-top-section elementor-element elementor-element-da7a79d elementor-section-boxed elementor-section-height-default elementor-section-height-default\" data-id=\"da7a79d\" data-element_type=\"section\">\n\t\t\t\t\t\t<div class=\"elementor-container elementor-column-gap-default\">\n\t\t\t\t\t<div class=\"elementor-column elementor-col-100 elementor-top-column elementor-element elementor-element-136bf4b\" data-id=\"136bf4b\" data-element_type=\"column\">\n\t\t\t<div class=\"elementor-widget-wrap elementor-element-populated\">\n\t\t\t\t\t\t\t\t<div class=\"elementor-element elementor-element-56c8a1a elementor-widget elementor-widget-heading\" data-id=\"56c8a1a\" data-element_type=\"widget\" data-widget_type=\"heading.default\">\n\t\t\t\t<div class=\"elementor-widget-container\">\n\t\t\t<style>\/*! elementor - v3.18.0 - 20-12-2023 *\/\n.elementor-heading-title{padding:0;margin:0;line-height:1}.elementor-widget-heading .elementor-heading-title[class*=elementor-size-]>a{color:inherit;font-size:inherit;line-height:inherit}.elementor-widget-heading .elementor-heading-title.elementor-size-small{font-size:15px}.elementor-widget-heading .elementor-heading-title.elementor-size-medium{font-size:19px}.elementor-widget-heading .elementor-heading-title.elementor-size-large{font-size:29px}.elementor-widget-heading .elementor-heading-title.elementor-size-xl{font-size:39px}.elementor-widget-heading .elementor-heading-title.elementor-size-xxl{font-size:59px}<\/style><h2 class=\"elementor-heading-title elementor-size-default\">Pol\u00edtica de Privacidade<\/h2>\t\t<\/div>\n\t\t\t\t<\/div>\n\t\t\t\t\t<\/div>\n\t\t<\/div>\n\t\t\t\t\t\t\t<\/div>\n\t\t<\/section>\n\t\t\t\t<section class=\"elementor-section elementor-top-section elementor-element elementor-element-49a9570 elementor-section-boxed elementor-section-height-default elementor-section-height-default\" data-id=\"49a9570\" data-element_type=\"section\">\n\t\t\t\t\t\t<div class=\"elementor-container elementor-column-gap-default\">\n\t\t\t\t\t<div class=\"elementor-column elementor-col-100 elementor-top-column elementor-element elementor-element-49cedd4\" data-id=\"49cedd4\" data-element_type=\"column\">\n\t\t\t<div class=\"elementor-widget-wrap elementor-element-populated\">\n\t\t\t\t\t\t\t\t<div class=\"elementor-element elementor-element-d39fe63 elementor-widget elementor-widget-text-editor\" data-id=\"d39fe63\" data-element_type=\"widget\" data-widget_type=\"text-editor.default\">\n\t\t\t\t<div class=\"elementor-widget-container\">\n\t\t\t<style>\/*! elementor - v3.18.0 - 20-12-2023 *\/\n.elementor-widget-text-editor.elementor-drop-cap-view-stacked .elementor-drop-cap{background-color:#69727d;color:#fff}.elementor-widget-text-editor.elementor-drop-cap-view-framed .elementor-drop-cap{color:#69727d;border:3px solid;background-color:transparent}.elementor-widget-text-editor:not(.elementor-drop-cap-view-default) .elementor-drop-cap{margin-top:8px}.elementor-widget-text-editor:not(.elementor-drop-cap-view-default) .elementor-drop-cap-letter{width:1em;height:1em}.elementor-widget-text-editor .elementor-drop-cap{float:left;text-align:center;line-height:1;font-size:50px}.elementor-widget-text-editor .elementor-drop-cap-letter{display:inline-block}<\/style>\t\t\t\t<p><span style=\"color: var( --e-global-color-text ); font-family: var( --e-global-typography-text-font-family ), Sans-serif; font-weight: var( --e-global-typography-text-font-weight ); font-size: 1rem;\">Sua privacidade \u00e9 importante para n\u00f3s. A pol\u00edtica da M\u00f4nica Andrade Im\u00f3veis \u00e9 respeitar a sua privacidade em rela\u00e7\u00e3o a qualquer informa\u00e7\u00e3o pessoal que possamos coletar no site M\u00f4nica Andrade Im\u00f3veis, bem como em outros sites que operamos.<\/span><\/p>\n<p><span style=\"color: var( --e-global-color-text ); font-family: var( --e-global-typography-text-font-family ), Sans-serif; font-weight: var( --e-global-typography-text-font-weight ); font-size: 1rem;\">Solicitamos informa\u00e7\u00f5es pessoais apenas quando realmente necess\u00e1rias para fornecer um servi\u00e7o. Fazemos isso de maneira justa e legal, com o seu conhecimento e consentimento. Informamos por que estamos coletando essas informa\u00e7\u00f5es e como ser\u00e3o usadas.<\/span><\/p>\n<p><\/p>\n<p>Retemos os dados pessoais apenas pelo tempo necess\u00e1rio para fornecer o servi\u00e7o solicitado. Quando armazenamos dados, protegemos utilizando medidas comercialmente aceit\u00e1veis para prevenir perdas, roubos e acessos n\u00e3o autorizados, como divulga\u00e7\u00e3o, c\u00f3pia, uso ou modifica\u00e7\u00e3o.<\/p>\n<p><\/p>\n<p>N\u00e3o compartilhamos informa\u00e7\u00f5es pessoais publicamente ou com terceiros, exceto quando exigido por lei.<\/p>\n<p><\/p>\n<p>Nosso site pode conter links para sites externos que n\u00e3o s\u00e3o operados por n\u00f3s. N\u00e3o temos controle sobre o conte\u00fado e as pr\u00e1ticas desses sites e, portanto, n\u00e3o podemos nos responsabilizar por suas pol\u00edticas de privacidade.<\/p>\n<p><\/p>\n<p>Voc\u00ea \u00e9 livre para recusar a nossa solicita\u00e7\u00e3o de informa\u00e7\u00f5es pessoais, ciente de que, ao fazer isso, talvez n\u00e3o possamos fornecer certos servi\u00e7os.<\/p>\n<p><\/p>\n<p>O uso cont\u00ednuo do nosso site ser\u00e1 considerado como aceita\u00e7\u00e3o de nossas pr\u00e1ticas em rela\u00e7\u00e3o \u00e0 privacidade e informa\u00e7\u00f5es pessoais. Se tiver d\u00favidas sobre como lidamos com dados do usu\u00e1rio e informa\u00e7\u00f5es pessoais, entre em contato conosco.<\/p>\n<p><\/p>\n<p>O servi\u00e7o Google AdSense, que usamos para veicular publicidade, utiliza o cookie DoubleClick para exibir an\u00fancios mais relevantes e limitar a quantidade de vezes que um mesmo an\u00fancio aparece para voc\u00ea. Para mais informa\u00e7\u00f5es sobre o Google AdSense, consulte as FAQs sobre privacidade do Google.<\/p>\n<p><\/p>\n<p>Usamos an\u00fancios para cobrir os custos operacionais deste site e financiar futuros desenvolvimentos. Os cookies de publicidade comportamental garantem a exibi\u00e7\u00e3o de an\u00fancios relevantes, rastreando anonimamente seus interesses.<\/p>\n<p><\/p>\n<p>V\u00e1rios parceiros anunciam em nosso nome, e os cookies de rastreamento de afiliados permitem que saibamos se os clientes acessaram o site por meio de nossos parceiros, para que possamos creditar corretamente as comiss\u00f5es e promo\u00e7\u00f5es.<\/p>\n<p><\/p>\n<p>Compromisso do Usu\u00e1rio<\/p>\n<p><\/p>\n<p>O usu\u00e1rio compromete-se a usar adequadamente os conte\u00fados e informa\u00e7\u00f5es fornecidos pela M\u00f4nica Andrade Im\u00f3veis, comprometendo-se, entre outras coisas, a:<\/p>\n<p><\/p>\n<p>A) N\u00e3o se envolver em atividades ilegais ou contr\u00e1rias \u00e0 boa f\u00e9 e \u00e0 ordem p\u00fablica;<\/p>\n<p>B) N\u00e3o disseminar propaganda ou conte\u00fado racista, xenof\u00f3bico, jogos de azar, pornografia ilegal, apologia ao terrorismo ou contra os direitos humanos;<\/p>\n<p>C) N\u00e3o causar danos aos sistemas f\u00edsicos (hardware) e l\u00f3gicos (software) da M\u00f4nica Andrade Im\u00f3veis, seus fornecedores ou terceiros, atrav\u00e9s da introdu\u00e7\u00e3o de v\u00edrus ou outros sistemas maliciosos.<\/p>\n<p><\/p>\n<p>Mais informa\u00e7\u00f5es<\/p>\n<p><\/p>\n<p>Esperamos que esta pol\u00edtica esteja clara. Se houver d\u00favidas sobre a necessidade de cookies, \u00e9 geralmente mais seguro mant\u00ea-los ativados para garantir o bom funcionamento dos recursos do site.<\/p>\n<p><\/p>\n<p>Esta pol\u00edtica \u00e9 efetiva a partir de 16 de outubro de 2024.<\/p>\t\t\t\t\t\t<\/div>\n\t\t\t\t<\/div>\n\t\t\t\t\t<\/div>\n\t\t<\/div>\n\t\t\t\t\t\t\t<\/div>\n\t\t<\/section>\n\t\t\t\t\t\t\t<\/div>\n\t\t","protected":false},"excerpt":{"rendered":"<p>Pol\u00edtica de Privacidade Sua privacidade \u00e9 importante para n\u00f3s. A pol\u00edtica da M\u00f4nica Andrade Im\u00f3veis \u00e9 respeitar a sua privacidade em rela\u00e7\u00e3o a qualquer informa\u00e7\u00e3o pessoal que possamos coletar no site M\u00f4nica Andrade Im\u00f3veis, bem como em outros sites que operamos. Solicitamos informa\u00e7\u00f5es pessoais apenas quando realmente necess\u00e1rias para fornecer um servi\u00e7o. Fazemos isso de [&hellip;]<\/p>\n","protected":false},"author":1,"featured_media":0,"parent":0,"menu_order":0,"comment_status":"closed","ping_status":"closed","template":"elementor_header_footer","meta":{"_joinchat":[],"footnotes":""},"class_list":["post-18554","page","type-page","status-publish","hentry"],"yoast_head":"<!-- This site is optimized with the Yoast SEO plugin v21.7 - https:\/\/yoast.com\/wordpress\/plugins\/seo\/ -->\n<title>Pol\u00edtica de Privacidade - Monica Andrade Im&oacute;veis<\/title>\n<meta name=\"robots\" content=\"index, follow, max-snippet:-1, max-image-preview:large, max-video-preview:-1\" \/>\n<link rel=\"canonical\" href=\"https:\/\/monicaandradeimoveis.com.br\/site\/politica-de-privacidade\/\" \/>\n<meta property=\"og:locale\" content=\"pt_BR\" \/>\n<meta property=\"og:type\" content=\"article\" \/>\n<meta property=\"og:title\" content=\"Pol\u00edtica de Privacidade - Monica Andrade Im&oacute;veis\" \/>\n<meta property=\"og:description\" content=\"Pol\u00edtica de Privacidade Sua privacidade \u00e9 importante para n\u00f3s. A pol\u00edtica da M\u00f4nica Andrade Im\u00f3veis \u00e9 respeitar a sua privacidade em rela\u00e7\u00e3o a qualquer informa\u00e7\u00e3o pessoal que possamos coletar no site M\u00f4nica Andrade Im\u00f3veis, bem como em outros sites que operamos. Solicitamos informa\u00e7\u00f5es pessoais apenas quando realmente necess\u00e1rias para fornecer um servi\u00e7o. Fazemos isso de [&hellip;]\" \/>\n<meta property=\"og:url\" content=\"https:\/\/monicaandradeimoveis.com.br\/site\/politica-de-privacidade\/\" \/>\n<meta property=\"og:site_name\" content=\"Monica Andrade Im&oacute;veis\" \/>\n<meta property=\"article:modified_time\" content=\"2024-10-17T16:40:36+00:00\" \/>\n<meta name=\"twitter:card\" content=\"summary_large_image\" \/>\n<meta name=\"twitter:label1\" content=\"Est. tempo de leitura\" \/>\n\t<meta name=\"twitter:data1\" content=\"3 minutos\" \/>\n<script type=\"application\/ld+json\" class=\"yoast-schema-graph\">{\"@context\":\"https:\/\/schema.org\",\"@graph\":[{\"@type\":\"WebPage\",\"@id\":\"https:\/\/monicaandradeimoveis.com.br\/site\/politica-de-privacidade\/\",\"url\":\"https:\/\/monicaandradeimoveis.com.br\/site\/politica-de-privacidade\/\",\"name\":\"Pol\u00edtica de Privacidade - Monica Andrade Im&oacute;veis\",\"isPartOf\":{\"@id\":\"https:\/\/monicaandradeimoveis.com.br\/site\/#website\"},\"datePublished\":\"2024-10-16T20:57:58+00:00\",\"dateModified\":\"2024-10-17T16:40:36+00:00\",\"breadcrumb\":{\"@id\":\"https:\/\/monicaandradeimoveis.com.br\/site\/politica-de-privacidade\/#breadcrumb\"},\"inLanguage\":\"pt-BR\",\"potentialAction\":[{\"@type\":\"ReadAction\",\"target\":[\"https:\/\/monicaandradeimoveis.com.br\/site\/politica-de-privacidade\/\"]}]},{\"@type\":\"BreadcrumbList\",\"@id\":\"https:\/\/monicaandradeimoveis.com.br\/site\/politica-de-privacidade\/#breadcrumb\",\"itemListElement\":[{\"@type\":\"ListItem\",\"position\":1,\"name\":\"In\u00edcio\",\"item\":\"https:\/\/monicaandradeimoveis.com.br\/site\/\"},{\"@type\":\"ListItem\",\"position\":2,\"name\":\"Pol\u00edtica de Privacidade\"}]},{\"@type\":\"WebSite\",\"@id\":\"https:\/\/monicaandradeimoveis.com.br\/site\/#website\",\"url\":\"https:\/\/monicaandradeimoveis.com.br\/site\/\",\"name\":\"Monica Andrade Im&oacute;veis\",\"description\":\"Aqui voc\u00ea vai encontrar o im\u00f3vel dos seus sonhos!\",\"potentialAction\":[{\"@type\":\"SearchAction\",\"target\":{\"@type\":\"EntryPoint\",\"urlTemplate\":\"https:\/\/monicaandradeimoveis.com.br\/site\/?s={search_term_string}\"},\"query-input\":\"required name=search_term_string\"}],\"inLanguage\":\"pt-BR\"}]}<\/script>\n<!-- \/ Yoast SEO plugin. -->","yoast_head_json":{"title":"Pol\u00edtica de Privacidade - Monica Andrade Im&oacute;veis","robots":{"index":"index","follow":"follow","max-snippet":"max-snippet:-1","max-image-preview":"max-image-preview:large","max-video-preview":"max-video-preview:-1"},"canonical":"https:\/\/monicaandradeimoveis.com.br\/site\/politica-de-privacidade\/","og_locale":"pt_BR","og_type":"article","og_title":"Pol\u00edtica de Privacidade - Monica Andrade Im&oacute;veis","og_description":"Pol\u00edtica de Privacidade Sua privacidade \u00e9 importante para n\u00f3s. A pol\u00edtica da M\u00f4nica Andrade Im\u00f3veis \u00e9 respeitar a sua privacidade em rela\u00e7\u00e3o a qualquer informa\u00e7\u00e3o pessoal que possamos coletar no site M\u00f4nica Andrade Im\u00f3veis, bem como em outros sites que operamos. Solicitamos informa\u00e7\u00f5es pessoais apenas quando realmente necess\u00e1rias para fornecer um servi\u00e7o. Fazemos isso de [&hellip;]","og_url":"https:\/\/monicaandradeimoveis.com.br\/site\/politica-de-privacidade\/","og_site_name":"Monica Andrade Im&oacute;veis","article_modified_time":"2024-10-17T16:40:36+00:00","twitter_card":"summary_large_image","twitter_misc":{"Est. tempo de leitura":"3 minutos"},"schema":{"@context":"https:\/\/schema.org","@graph":[{"@type":"WebPage","@id":"https:\/\/monicaandradeimoveis.com.br\/site\/politica-de-privacidade\/","url":"https:\/\/monicaandradeimoveis.com.br\/site\/politica-de-privacidade\/","name":"Pol\u00edtica de Privacidade - Monica Andrade Im&oacute;veis","isPartOf":{"@id":"https:\/\/monicaandradeimoveis.com.br\/site\/#website"},"datePublished":"2024-10-16T20:57:58+00:00","dateModified":"2024-10-17T16:40:36+00:00","breadcrumb":{"@id":"https:\/\/monicaandradeimoveis.com.br\/site\/politica-de-privacidade\/#breadcrumb"},"inLanguage":"pt-BR","potentialAction":[{"@type":"ReadAction","target":["https:\/\/monicaandradeimoveis.com.br\/site\/politica-de-privacidade\/"]}]},{"@type":"BreadcrumbList","@id":"https:\/\/monicaandradeimoveis.com.br\/site\/politica-de-privacidade\/#breadcrumb","itemListElement":[{"@type":"ListItem","position":1,"name":"In\u00edcio","item":"https:\/\/monicaandradeimoveis.com.br\/site\/"},{"@type":"ListItem","position":2,"name":"Pol\u00edtica de Privacidade"}]},{"@type":"WebSite","@id":"https:\/\/monicaandradeimoveis.com.br\/site\/#website","url":"https:\/\/monicaandradeimoveis.com.br\/site\/","name":"Monica Andrade Im&oacute;veis","description":"Aqui voc\u00ea vai encontrar o im\u00f3vel dos seus sonhos!","potentialAction":[{"@type":"SearchAction","target":{"@type":"EntryPoint","urlTemplate":"https:\/\/monicaandradeimoveis.com.br\/site\/?s={search_term_string}"},"query-input":"required name=search_term_string"}],"inLanguage":"pt-BR"}]}},"_links":{"self":[{"href":"https:\/\/monicaandradeimoveis.com.br\/site\/wp-json\/wp\/v2\/pages\/18554","targetHints":{"allow":["GET"]}}],"collection":[{"href":"https:\/\/monicaandradeimoveis.com.br\/site\/wp-json\/wp\/v2\/pages"}],"about":[{"href":"https:\/\/monicaandradeimoveis.com.br\/site\/wp-json\/wp\/v2\/types\/page"}],"author":[{"embeddable":true,"href":"https:\/\/monicaandradeimoveis.com.br\/site\/wp-json\/wp\/v2\/users\/1"}],"replies":[{"embeddable":true,"href":"https:\/\/monicaandradeimoveis.com.br\/site\/wp-json\/wp\/v2\/comments?post=18554"}],"version-history":[{"count":16,"href":"https:\/\/monicaandradeimoveis.com.br\/site\/wp-json\/wp\/v2\/pages\/18554\/revisions"}],"predecessor-version":[{"id":18576,"href":"https:\/\/monicaandradeimoveis.com.br\/site\/wp-json\/wp\/v2\/pages\/18554\/revisions\/18576"}],"wp:attachment":[{"href":"https:\/\/monicaandradeimoveis.com.br\/site\/wp-json\/wp\/v2\/media?parent=18554"}],"curies":[{"name":"wp","href":"https:\/\/api.w.org\/{rel}","templated":true}]}}